{"id":2,"date":"2021-05-21T12:25:33","date_gmt":"2021-05-21T12:25:33","guid":{"rendered":"http:\/\/wordpress.test\/?page_id=2"},"modified":"2023-02-15T12:45:05","modified_gmt":"2023-02-15T12:45:05","slug":"unternehmen-zultner","status":"publish","type":"page","link":"https:\/\/zultner-stage.mstage.dev\/unternehmen\/","title":{"rendered":"Startseite"},"content":{"rendered":"\r\n<p>This is an example page. It&#8217;s different from a blog post because it will stay in one place and will show up in your site navigation (in most themes). Most people start with an About page that introduces them to potential site visitors. It might say something like this:<\/p>\r\n\r\n\r\n\r\n<blockquote class=\"wp-block-quote\">\r\n<p>Hi there! I&#8217;m a bike messenger by day, aspiring actor by night, and this is my website. I live in Los Angeles, have a great dog named Jack, and I like pi\u00f1a coladas. (And gettin&#8216; caught in the rain.)<\/p>\r\n<\/blockquote>\r\n\r\n\r\n\r\n<p>&#8230;or something like this:<\/p>\r\n\r\n\r\n\r\n<blockquote class=\"wp-block-quote\">\r\n<p>The XYZ Doohickey Company was founded in 1971, and has been providing quality doohickeys to the public ever since. Located in Gotham City, XYZ employs over 2,000 people and does all kinds of awesome things for the Gotham community.<\/p>\r\n<\/blockquote>\r\n\r\n\r\n\r\n<p>As a new WordPress user, you should go to <a href=\"http:\/\/wordpress.test\/wp\/wp-admin\/\">your dashboard<\/a> to delete this page and create new pages for your content. Have fun!<\/p>\r\n","protected":false},"excerpt":{"rendered":"<p>This is an example page. It&#8217;s different from a blog post because it will stay in one place and will show up in your site navigation (in most themes). Most people start with an About page that introduces them to potential site visitors. It might say something like this: Hi there! I&#8217;m a bike messenger &hellip; <a href=\"https:\/\/zultner-stage.mstage.dev\/unternehmen\/\">Continued<\/a><\/p>\n","protected":false},"author":1,"featured_media":299,"parent":0,"menu_order":0,"comment_status":"closed","ping_status":"closed","template":"","meta":{"footnotes":""},"acf":[],"yoast_head":"<!-- This site is optimized with the Yoast SEO plugin v21.5 - https:\/\/yoast.com\/wordpress\/plugins\/seo\/ -->\n<title>Startseite - ZULTNER<\/title>\n<meta name=\"description\" content=\"Zultner versteht sich als innovativer H\u00e4ndler f\u00fcr hochwertige Metalle und Schwei\u00dftechnik. Wir stehen f\u00fcr schnelle und flexible Versorgung.\" \/>\n<meta name=\"robots\" content=\"noindex, follow, max-snippet:-1, max-image-preview:large, max-video-preview:-1\" \/>\n<meta property=\"og:locale\" content=\"de_DE\" \/>\n<meta property=\"og:type\" content=\"article\" \/>\n<meta property=\"og:title\" content=\"Zultner Metall GmbH\" \/>\n<meta property=\"og:description\" content=\"Zultner versteht sich als innovativer H\u00e4ndler f\u00fcr hochwertige Metalle und Schwei\u00dftechnik. Wir stehen f\u00fcr schnelle und flexible Versorgung.\" \/>\n<meta property=\"og:url\" content=\"https:\/\/zultner-stage.mstage.dev\/unternehmen\/\" \/>\n<meta property=\"og:site_name\" content=\"ZULTNER\" \/>\n<meta property=\"article:modified_time\" content=\"2023-02-15T12:45:05+00:00\" \/>\n<meta property=\"og:image\" content=\"https:\/\/zultner-stage.mstage.dev\/unternehmen\/app\/uploads\/2021\/09\/zultner_og_image.jpg\" \/>\n\t<meta property=\"og:image:width\" content=\"1200\" \/>\n\t<meta property=\"og:image:height\" content=\"630\" \/>\n\t<meta property=\"og:image:type\" content=\"image\/jpeg\" \/>\n<meta name=\"twitter:card\" content=\"summary_large_image\" \/>\n<meta name=\"twitter:image\" content=\"https:\/\/zultner-stage.mstage.dev\/unternehmen\/app\/uploads\/2021\/09\/zultner_og_image.jpg\" \/>\n<meta name=\"twitter:label1\" content=\"Gesch\u00e4tzte Lesezeit\" \/>\n\t<meta name=\"twitter:data1\" content=\"1 Minute\" \/>\n<script type=\"application\/ld+json\" class=\"yoast-schema-graph\">{\"@context\":\"https:\/\/schema.org\",\"@graph\":[{\"@type\":[\"WebPage\",\"AboutPage\"],\"@id\":\"https:\/\/zultner-stage.mstage.dev\/unternehmen\/\",\"url\":\"https:\/\/zultner-stage.mstage.dev\/unternehmen\/\",\"name\":\"Startseite - ZULTNER\",\"isPartOf\":{\"@id\":\"https:\/\/zultner-stage.mstage.dev\/unternehmen\/#website\"},\"datePublished\":\"2021-05-21T12:25:33+00:00\",\"dateModified\":\"2023-02-15T12:45:05+00:00\",\"description\":\"Zultner versteht sich als innovativer H\u00e4ndler f\u00fcr hochwertige Metalle und Schwei\u00dftechnik. Wir stehen f\u00fcr schnelle und flexible Versorgung.\",\"breadcrumb\":{\"@id\":\"https:\/\/zultner-stage.mstage.dev\/unternehmen\/#breadcrumb\"},\"inLanguage\":\"de-DE\",\"potentialAction\":[{\"@type\":\"ReadAction\",\"target\":[\"https:\/\/zultner-stage.mstage.dev\/unternehmen\/\"]}]},{\"@type\":\"BreadcrumbList\",\"@id\":\"https:\/\/zultner-stage.mstage.dev\/unternehmen\/#breadcrumb\",\"itemListElement\":[{\"@type\":\"ListItem\",\"position\":1,\"name\":\"Startseite\",\"item\":\"https:\/\/zultner-stage.mstage.dev\/unternehmen\/\"},{\"@type\":\"ListItem\",\"position\":2,\"name\":\"Startseite\"}]},{\"@type\":\"WebSite\",\"@id\":\"https:\/\/zultner-stage.mstage.dev\/unternehmen\/#website\",\"url\":\"https:\/\/zultner-stage.mstage.dev\/unternehmen\/\",\"name\":\"ZULTNER\",\"description\":\"Experten f\u00fcr Metall und Schwei\u00dftechnik\",\"potentialAction\":[{\"@type\":\"SearchAction\",\"target\":{\"@type\":\"EntryPoint\",\"urlTemplate\":\"https:\/\/zultner-stage.mstage.dev\/unternehmen\/?s={search_term_string}\"},\"query-input\":\"required name=search_term_string\"}],\"inLanguage\":\"de-DE\"},{\"@type\":\"Person\",\"@id\":\"https:\/\/zultner-stage.mstage.dev\/unternehmen\/#\/schema\/person\/2e50aefc234c21fbf1d636a9d3fada33\",\"name\":\"mia\",\"image\":{\"@type\":\"ImageObject\",\"inLanguage\":\"de-DE\",\"@id\":\"https:\/\/zultner-stage.mstage.dev\/unternehmen\/#\/schema\/person\/image\/\",\"url\":\"https:\/\/secure.gravatar.com\/avatar\/ed942264e36fa98a5a319018ad7347a7?s=96&d=mm&r=g\",\"contentUrl\":\"https:\/\/secure.gravatar.com\/avatar\/ed942264e36fa98a5a319018ad7347a7?s=96&d=mm&r=g\",\"caption\":\"mia\"},\"sameAs\":[\"http:\/\/wordpress.test\/wp\"],\"url\":\"https:\/\/zultner-stage.mstage.dev\/unternehmen\/author\/mia\/\"}]}<\/script>\n<!-- \/ Yoast SEO plugin. -->","yoast_head_json":{"title":"Startseite - ZULTNER","description":"Zultner versteht sich als innovativer H\u00e4ndler f\u00fcr hochwertige Metalle und Schwei\u00dftechnik. Wir stehen f\u00fcr schnelle und flexible Versorgung.","robots":{"index":"noindex","follow":"follow","max-snippet":"max-snippet:-1","max-image-preview":"max-image-preview:large","max-video-preview":"max-video-preview:-1"},"og_locale":"de_DE","og_type":"article","og_title":"Zultner Metall GmbH","og_description":"Zultner versteht sich als innovativer H\u00e4ndler f\u00fcr hochwertige Metalle und Schwei\u00dftechnik. Wir stehen f\u00fcr schnelle und flexible Versorgung.","og_url":"https:\/\/zultner-stage.mstage.dev\/unternehmen\/","og_site_name":"ZULTNER","article_modified_time":"2023-02-15T12:45:05+00:00","og_image":[{"width":1200,"height":630,"url":"https:\/\/zultner-stage.mstage.dev\/unternehmen\/app\/uploads\/2021\/09\/zultner_og_image.jpg","type":"image\/jpeg"}],"twitter_card":"summary_large_image","twitter_image":"https:\/\/zultner-stage.mstage.dev\/unternehmen\/app\/uploads\/2021\/09\/zultner_og_image.jpg","twitter_misc":{"Gesch\u00e4tzte Lesezeit":"1 Minute"},"schema":{"@context":"https:\/\/schema.org","@graph":[{"@type":["WebPage","AboutPage"],"@id":"https:\/\/zultner-stage.mstage.dev\/unternehmen\/","url":"https:\/\/zultner-stage.mstage.dev\/unternehmen\/","name":"Startseite - ZULTNER","isPartOf":{"@id":"https:\/\/zultner-stage.mstage.dev\/unternehmen\/#website"},"datePublished":"2021-05-21T12:25:33+00:00","dateModified":"2023-02-15T12:45:05+00:00","description":"Zultner versteht sich als innovativer H\u00e4ndler f\u00fcr hochwertige Metalle und Schwei\u00dftechnik. Wir stehen f\u00fcr schnelle und flexible Versorgung.","breadcrumb":{"@id":"https:\/\/zultner-stage.mstage.dev\/unternehmen\/#breadcrumb"},"inLanguage":"de-DE","potentialAction":[{"@type":"ReadAction","target":["https:\/\/zultner-stage.mstage.dev\/unternehmen\/"]}]},{"@type":"BreadcrumbList","@id":"https:\/\/zultner-stage.mstage.dev\/unternehmen\/#breadcrumb","itemListElement":[{"@type":"ListItem","position":1,"name":"Startseite","item":"https:\/\/zultner-stage.mstage.dev\/unternehmen\/"},{"@type":"ListItem","position":2,"name":"Startseite"}]},{"@type":"WebSite","@id":"https:\/\/zultner-stage.mstage.dev\/unternehmen\/#website","url":"https:\/\/zultner-stage.mstage.dev\/unternehmen\/","name":"ZULTNER","description":"Experten f\u00fcr Metall und Schwei\u00dftechnik","potentialAction":[{"@type":"SearchAction","target":{"@type":"EntryPoint","urlTemplate":"https:\/\/zultner-stage.mstage.dev\/unternehmen\/?s={search_term_string}"},"query-input":"required name=search_term_string"}],"inLanguage":"de-DE"},{"@type":"Person","@id":"https:\/\/zultner-stage.mstage.dev\/unternehmen\/#\/schema\/person\/2e50aefc234c21fbf1d636a9d3fada33","name":"mia","image":{"@type":"ImageObject","inLanguage":"de-DE","@id":"https:\/\/zultner-stage.mstage.dev\/unternehmen\/#\/schema\/person\/image\/","url":"https:\/\/secure.gravatar.com\/avatar\/ed942264e36fa98a5a319018ad7347a7?s=96&d=mm&r=g","contentUrl":"https:\/\/secure.gravatar.com\/avatar\/ed942264e36fa98a5a319018ad7347a7?s=96&d=mm&r=g","caption":"mia"},"sameAs":["http:\/\/wordpress.test\/wp"],"url":"https:\/\/zultner-stage.mstage.dev\/unternehmen\/author\/mia\/"}]}},"_links":{"self":[{"href":"https:\/\/zultner-stage.mstage.dev\/unternehmen\/wp-json\/wp\/v2\/pages\/2"}],"collection":[{"href":"https:\/\/zultner-stage.mstage.dev\/unternehmen\/wp-json\/wp\/v2\/pages"}],"about":[{"href":"https:\/\/zultner-stage.mstage.dev\/unternehmen\/wp-json\/wp\/v2\/types\/page"}],"author":[{"embeddable":true,"href":"https:\/\/zultner-stage.mstage.dev\/unternehmen\/wp-json\/wp\/v2\/users\/1"}],"replies":[{"embeddable":true,"href":"https:\/\/zultner-stage.mstage.dev\/unternehmen\/wp-json\/wp\/v2\/comments?post=2"}],"version-history":[{"count":4,"href":"https:\/\/zultner-stage.mstage.dev\/unternehmen\/wp-json\/wp\/v2\/pages\/2\/revisions"}],"predecessor-version":[{"id":758,"href":"https:\/\/zultner-stage.mstage.dev\/unternehmen\/wp-json\/wp\/v2\/pages\/2\/revisions\/758"}],"wp:featuredmedia":[{"embeddable":true,"href":"https:\/\/zultner-stage.mstage.dev\/unternehmen\/wp-json\/wp\/v2\/media\/299"}],"wp:attachment":[{"href":"https:\/\/zultner-stage.mstage.dev\/unternehmen\/wp-json\/wp\/v2\/media?parent=2"}],"curies":[{"name":"wp","href":"https:\/\/api.w.org\/{rel}","templated":true}]}}